{"id":43155,"date":"2024-04-12T09:53:11","date_gmt":"2024-04-12T06:53:11","guid":{"rendered":"https:\/\/pin.gov.gr\/?page_id=43155"},"modified":"2024-04-12T09:57:47","modified_gmt":"2024-04-12T06:57:47","slug":"aza4ice-project-%ce%b5%ce%bd%ce%b9%cf%83%cf%87%cf%8d%ce%bf%ce%bd%cf%84%ce%b1%cf%82-%cf%84%ce%b7-%ce%b2%ce%b9%cf%8e%cf%83%ce%b9%ce%bc%ce%b7-%ce%b1%ce%bd%ce%ac%cf%80%cf%84%cf%85%ce%be%ce%b7-%ce%bc","status":"publish","type":"page","link":"https:\/\/pin.gov.gr\/?page_id=43155","title":{"rendered":"AZA4ICE Project: \u0395\u03bd\u03b9\u03c3\u03c7\u03cd\u03bf\u03bd\u03c4\u03b1\u03c2 \u03c4\u03b7 \u03b2\u03b9\u03ce\u03c3\u03b9\u03bc\u03b7 \u03b1\u03bd\u03ac\u03c0\u03c4\u03c5\u03be\u03b7 \u03bc\u03b5 \u03c7\u03c1\u03ae\u03c3\u03b7 \u03ba\u03b1\u03b9\u03bd\u03bf\u03c4\u03bf\u03bc\u03b9\u03ce\u03bd"},"content":{"rendered":"<p><a href=\"https:\/\/pin.gov.gr\/wp-content\/uploads\/2024\/04\/AZA4ICE_photo.png\"><img loading=\"lazy\" decoding=\"async\" class=\"aligncenter wp-image-43154 size-full\" src=\"https:\/\/pin.gov.gr\/wp-content\/uploads\/2024\/04\/AZA4ICE_photo.png\" alt=\"AZA4ICE (photo)\" width=\"1210\" height=\"404\" srcset=\"https:\/\/pin.gov.gr\/wp-content\/uploads\/2024\/04\/AZA4ICE_photo.png 1210w, https:\/\/pin.gov.gr\/wp-content\/uploads\/2024\/04\/AZA4ICE_photo-980x327.png 980w, https:\/\/pin.gov.gr\/wp-content\/uploads\/2024\/04\/AZA4ICE_photo-480x160.png 480w\" sizes=\"(min-width: 0px) and (max-width: 480px) 480px, (min-width: 481px) and (max-width: 980px) 980px, (min-width: 981px) 1210px, 100vw\" \/><\/a><\/p>\n<h1><strong>AZA4ICE<\/strong><\/h1>\n<h3><strong>Title: <em>Allocated Zones for circular Aquaculture to trigger the transition to an Inclusive and Circular Economy in aquaculture sector fostering new business opportunities and eco-consciousness society<\/em><\/strong><\/h3>\n<p><strong>Funding programme: Interreg Euro-MED<\/strong><\/p>\n<p><strong>Programme Priority: <\/strong>Greener MED<\/p>\n<p><strong>Project mission: <\/strong>Strengthening an innovative sustainable economy<\/p>\n<p><strong>Programme Specific Objective: <\/strong>RSO2.6: Promoting the transition to a circular and resource efficient economy<\/p>\n<p><strong>Project start: <\/strong>1st of January 2024<\/p>\n<p><strong>Project activities end: <\/strong>30th of June 2026<\/p>\n<p><strong><em>Duration: 33 Months<\/em><\/strong><\/p>\n<p><strong>Budget: 2.962.186,00 \u20ac<\/strong><\/p>\n<p><strong>11 Partners <\/strong>from <strong>8 countries <\/strong>(Greece, Italy, Spain, France, Croatia, Bulgaria, Montenegro, Portugal)<\/p>\n<p><strong>20 Associated Partners <\/strong>from <strong>13 countries <\/strong>(Italy, Montenegro, Spain, Greece, Bulgaria, Croatia, Belgium, Portugal, Tunisia, Egypt, United Kingdom, Morocco, Jordan)<\/p>\n<p>The AZA4ICE Project addresses the sustainability challenges of aquaculture in the Euro-Mediterranean area promoting inclusive and circular practices. AZA4ICE relies on transnational cooperation and cross-border knowledge exchange to pioneer circular aquaculture spatial planning beyond existing coastal sea area practices; defining and testing the Allocated Zones for Circular Aquaculture in close-to-coast and inland waters. Through stakeholder engagement and the development of Action Plans, the project fosters dialogue and creates new business opportunities while building an eco-conscious society. AZA4ICE outputs will be valorised by public authorities, the private sector and academia for the benefit of society.<\/p>\n<h4>Background<\/h4>\n<p>Aquaculture contributes significantly to economic development and employment in the Euro-MED area. It is challenging to change the current linear economy model (take-make-waste) that is traditionally followed by the sector and aggravates the resources\u2019 depletion; and substitute it with CE practices which prevent the depletion by closing energy-material loops supporting business symbiosis<\/p>\n<h1><a href=\"https:\/\/pin.gov.gr\/wp-content\/uploads\/2024\/04\/AZA4ICE.png\"><img loading=\"lazy\" decoding=\"async\" class=\"aligncenter wp-image-43153 size-full\" src=\"https:\/\/pin.gov.gr\/wp-content\/uploads\/2024\/04\/AZA4ICE.png\" alt=\"AZA4ICE logo\" width=\"1194\" height=\"154\" srcset=\"https:\/\/pin.gov.gr\/wp-content\/uploads\/2024\/04\/AZA4ICE.png 1194w, https:\/\/pin.gov.gr\/wp-content\/uploads\/2024\/04\/AZA4ICE-980x126.png 980w, https:\/\/pin.gov.gr\/wp-content\/uploads\/2024\/04\/AZA4ICE-480x62.png 480w\" sizes=\"(min-width: 0px) and (max-width: 480px) 480px, (min-width: 481px) and (max-width: 980px) 980px, (min-width: 981px) 1194px, 100vw\" \/><\/a><\/h1>\n<h4>Partners<\/h4>\n<p>The University of Patras is the lead partner (LP) of this project which includes other 10 partners from 8 countries in the MED area:<\/p>\n<ol>\n<li>Region of Ionian Islands \u2013 Greece (EL)<\/li>\n<li>IMC Foundation- International Marine Center-\u00a0<em>Italy<\/em>(IT)<\/li>\n<li>Andalusian Research &amp; Training Institute of Agriculture, Fisheries, Agrifood &amp; ecological production &#8211;\u00a0<em>Spain<\/em>(ES)<\/li>\n<li>P\u00f4le Mer M\u00e9diterran\u00e9e &#8211; Business and Innovation Maritime Cluster &#8211; Toulon Var Technology &#8211; France\u00a0(FR)<\/li>\n<li>Public Institution Development Agency of Sibenik-Knin County-\u00a0<em>Croatia <\/em>(HR)<\/li>\n<li>Adria Innovation Harbour &#8211;\u00a0<em>Croatia<\/em>(HR)<\/li>\n<li>Dynamic Vision &#8211;\u00a0<em>Greece\u00a0<\/em>(EL)<\/li>\n<li>Institute of Fish Resources &#8211;\u00a0<em>Bulgaria\u00a0<\/em>(BG)<\/li>\n<li>Chamber of Economy of Montenegro &#8211;\u00a0<em>Montenegro \u00a0<\/em>(ME)<\/li>\n<li>Portuguese Institute of the Sea and Atmosphere, P.I. &#8211;\u00a0<em>Portugal\u00a0<\/em>(PT)<\/li>\n<\/ol>\n<p>&nbsp;<\/p>\n<p><a href=\"https:\/\/pin.gov.gr\/wp-content\/uploads\/2024\/04\/AZA4ICE_partners.png\"><img loading=\"lazy\" decoding=\"async\" class=\"aligncenter wp-image-43156 size-full\" src=\"https:\/\/pin.gov.gr\/wp-content\/uploads\/2024\/04\/AZA4ICE_partners.png\" alt=\"AZA4ICE (partners)\" width=\"1134\" height=\"770\" srcset=\"https:\/\/pin.gov.gr\/wp-content\/uploads\/2024\/04\/AZA4ICE_partners.png 1134w, https:\/\/pin.gov.gr\/wp-content\/uploads\/2024\/04\/AZA4ICE_partners-980x665.png 980w, https:\/\/pin.gov.gr\/wp-content\/uploads\/2024\/04\/AZA4ICE_partners-480x326.png 480w\" sizes=\"(min-width: 0px) and (max-width: 480px) 480px, (min-width: 481px) and (max-width: 980px) 980px, (min-width: 981px) 1134px, 100vw\" \/><\/a><\/p>\n<p>&nbsp;<\/p>\n","protected":false},"excerpt":{"rendered":"<p>AZA4ICE Title: Allocated Zones for circular Aquaculture to trigger the transition to an Inclusive and Circular Economy in aquaculture sector fostering new business opportunities and eco-consciousness society Funding programme: Interreg Euro-MED Programme Priority: Greener MED Project mission: Strengthening an innovative sustainable economy Programme Specific Objective: RSO2.6: Promoting the transition to a circular and resource efficient [&hellip;]<\/p>\n","protected":false},"author":1,"featured_media":0,"parent":0,"menu_order":0,"comment_status":"closed","ping_status":"closed","template":"","meta":{"_et_pb_use_builder":"","_et_pb_old_content":"","_et_gb_content_width":"","footnotes":""},"class_list":["post-43155","page","type-page","status-publish","hentry"],"_links":{"self":[{"href":"https:\/\/pin.gov.gr\/index.php?rest_route=\/wp\/v2\/pages\/43155","targetHints":{"allow":["GET"]}}],"collection":[{"href":"https:\/\/pin.gov.gr\/index.php?rest_route=\/wp\/v2\/pages"}],"about":[{"href":"https:\/\/pin.gov.gr\/index.php?rest_route=\/wp\/v2\/types\/page"}],"author":[{"embeddable":true,"href":"https:\/\/pin.gov.gr\/index.php?rest_route=\/wp\/v2\/users\/1"}],"replies":[{"embeddable":true,"href":"https:\/\/pin.gov.gr\/index.php?rest_route=%2Fwp%2Fv2%2Fcomments&post=43155"}],"version-history":[{"count":0,"href":"https:\/\/pin.gov.gr\/index.php?rest_route=\/wp\/v2\/pages\/43155\/revisions"}],"wp:attachment":[{"href":"https:\/\/pin.gov.gr\/index.php?rest_route=%2Fwp%2Fv2%2Fmedia&parent=43155"}],"curies":[{"name":"wp","href":"https:\/\/api.w.org\/{rel}","templated":true}]}}